{"id":522,"date":"2025-01-13T11:04:54","date_gmt":"2025-01-13T11:04:54","guid":{"rendered":"https:\/\/weddingvideographer.ro\/?page_id=522"},"modified":"2025-01-22T11:21:30","modified_gmt":"2025-01-22T11:21:30","slug":"blog","status":"publish","type":"page","link":"https:\/\/weddingvideographer.ro\/en\/blog\/","title":{"rendered":"Blog"},"content":{"rendered":"<div data-elementor-type=\"wp-page\" data-elementor-id=\"522\" class=\"elementor elementor-522\" data-elementor-post-type=\"page\">\n\t\t\t\t<div class=\"elementor-element elementor-element-d925219 e-flex e-con-boxed e-con e-parent\" data-id=\"d925219\" data-element_type=\"container\">\n\t\t\t\t\t<div class=\"e-con-inner\">\n\t\t\t\t<div class=\"elementor-element elementor-element-45b5e23 elementor-grid-3 elementor-grid-tablet-2 elementor-grid-mobile-1 elementor-posts--thumbnail-top elementor-posts--show-avatar elementor-card-shadow-yes elementor-posts__hover-gradient elementor-widget elementor-widget-posts\" data-id=\"45b5e23\" data-element_type=\"widget\" data-settings=\"{&quot;cards_columns&quot;:&quot;3&quot;,&quot;cards_columns_tablet&quot;:&quot;2&quot;,&quot;cards_columns_mobile&quot;:&quot;1&quot;,&quot;cards_row_gap&quot;:{&quot;unit&quot;:&quot;px&quot;,&quot;size&quot;:35,&quot;sizes&quot;:[]},&quot;cards_row_gap_tablet&quot;:{&quot;unit&quot;:&quot;px&quot;,&quot;size&quot;:&quot;&quot;,&quot;sizes&quot;:[]},&quot;cards_row_gap_mobile&quot;:{&quot;unit&quot;:&quot;px&quot;,&quot;size&quot;:&quot;&quot;,&quot;sizes&quot;:[]}}\" data-widget_type=\"posts.cards\">\n\t\t\t\t<div class=\"elementor-widget-container\">\n\t\t\t\t\t\t\t<div class=\"elementor-posts-container elementor-posts elementor-posts--skin-cards elementor-grid\">\n\t\t\t\t<article class=\"elementor-post elementor-grid-item post-663 post type-post status-publish format-standard hentry category-uncategorized\">\n\t\t\t<div class=\"elementor-post__card\">\n\t\t\t\t<div class=\"elementor-post__text\">\n\t\t\t\t<h3 class=\"elementor-post__title\">\n\t\t\t<a href=\"https:\/\/weddingvideographer.ro\/en\/cum-sa-te-pregatesti-pentru-filmarea-nuntii-tale-sfaturi-pentru-mirese\/\" >\n\t\t\t\tCum S\u0103 Te Preg\u0103te\u0219ti Pentru Filmarea Nun\u021bii Tale: Sfaturi pentru Mirese\t\t\t<\/a>\n\t\t<\/h3>\n\t\t\t\t<div class=\"elementor-post__excerpt\">\n\t\t\t<p>Preg\u0103tirea pentru filmarea nun\u021bii este un aspect crucial care poate influen\u021ba semnificativ rezultatul final al filmului t\u0103u. Ziua nun\u021bii tale va fi plin\u0103 de emo\u021bii,<\/p>\n\t\t<\/div>\n\t\t\n\t\t<a class=\"elementor-post__read-more\" href=\"https:\/\/weddingvideographer.ro\/en\/cum-sa-te-pregatesti-pentru-filmarea-nuntii-tale-sfaturi-pentru-mirese\/\" aria-label=\"Read more about Cum S\u0103 Te Preg\u0103te\u0219ti Pentru Filmarea Nun\u021bii Tale: Sfaturi pentru Mirese\" tabindex=\"-1\" >\n\t\t\tCITESTE MAI MULT \u00bb\t\t<\/a>\n\n\t\t\t\t<\/div>\n\t\t\t\t<div class=\"elementor-post__meta-data\">\n\t\t\t\t\t<span class=\"elementor-post-date\">\n\t\t\tJanuary 22, 2025\t\t<\/span>\n\t\t\t\t<span class=\"elementor-post-avatar\">\n\t\t\tNo Comments\t\t<\/span>\n\t\t\t\t<\/div>\n\t\t\t\t\t<\/div>\n\t\t<\/article>\n\t\t\t\t<article class=\"elementor-post elementor-grid-item post-661 post type-post status-publish format-standard hentry category-uncategorized\">\n\t\t\t<div class=\"elementor-post__card\">\n\t\t\t\t<div class=\"elementor-post__text\">\n\t\t\t\t<h3 class=\"elementor-post__title\">\n\t\t\t<a href=\"https:\/\/weddingvideographer.ro\/en\/5-motive-pentru-care-un-film-de-nunta-este-o-investitie-de-nepretuit-pentru-mirese\/\" >\n\t\t\t\t5 Motive pentru Care Un Film de Nunt\u0103 Este O Investi\u021bie de Nepre\u021buit pentru Mirese\t\t\t<\/a>\n\t\t<\/h3>\n\t\t\t\t<div class=\"elementor-post__excerpt\">\n\t\t\t<p>Mul\u021bi oameni se \u00eentreab\u0103 dac\u0103 un film de nunt\u0103 merit\u0103 investi\u021bia, \u00eens\u0103 pentru mirese, acesta este un element esen\u021bial care va transforma ziua special\u0103 \u00eentr-o<\/p>\n\t\t<\/div>\n\t\t\n\t\t<a class=\"elementor-post__read-more\" href=\"https:\/\/weddingvideographer.ro\/en\/5-motive-pentru-care-un-film-de-nunta-este-o-investitie-de-nepretuit-pentru-mirese\/\" aria-label=\"Read more about 5 Motive pentru Care Un Film de Nunt\u0103 Este O Investi\u021bie de Nepre\u021buit pentru Mirese\" tabindex=\"-1\" >\n\t\t\tCITESTE MAI MULT \u00bb\t\t<\/a>\n\n\t\t\t\t<\/div>\n\t\t\t\t<div class=\"elementor-post__meta-data\">\n\t\t\t\t\t<span class=\"elementor-post-date\">\n\t\t\tJanuary 22, 2025\t\t<\/span>\n\t\t\t\t<span class=\"elementor-post-avatar\">\n\t\t\tNo Comments\t\t<\/span>\n\t\t\t\t<\/div>\n\t\t\t\t\t<\/div>\n\t\t<\/article>\n\t\t\t\t<article class=\"elementor-post elementor-grid-item post-659 post type-post status-publish format-standard hentry category-uncategorized\">\n\t\t\t<div class=\"elementor-post__card\">\n\t\t\t\t<div class=\"elementor-post__text\">\n\t\t\t\t<h3 class=\"elementor-post__title\">\n\t\t\t<a href=\"https:\/\/weddingvideographer.ro\/en\/cele-mai-emotionante-momente-ale-nuntii-tale-cum-sa-te-asiguri-ca-vor-fi-captate-perfect-in-filmul-tau\/\" >\n\t\t\t\tCele Mai Emo\u021bionante Momente ale Nun\u021bii Tale: Cum S\u0103 Te Asiguri C\u0103 Vor Fi Captate Perfect \u00een Filmul T\u0103u\t\t\t<\/a>\n\t\t<\/h3>\n\t\t\t\t<div class=\"elementor-post__excerpt\">\n\t\t\t<p>Ziua nun\u021bii tale va fi plin\u0103 de momente de neuitat, iar un film de nunt\u0103 este modalitatea perfect\u0103 de a le p\u0103stra vii. De la<\/p>\n\t\t<\/div>\n\t\t\n\t\t<a class=\"elementor-post__read-more\" href=\"https:\/\/weddingvideographer.ro\/en\/cele-mai-emotionante-momente-ale-nuntii-tale-cum-sa-te-asiguri-ca-vor-fi-captate-perfect-in-filmul-tau\/\" aria-label=\"Read more about Cele Mai Emo\u021bionante Momente ale Nun\u021bii Tale: Cum S\u0103 Te Asiguri C\u0103 Vor Fi Captate Perfect \u00een Filmul T\u0103u\" tabindex=\"-1\" >\n\t\t\tCITESTE MAI MULT \u00bb\t\t<\/a>\n\n\t\t\t\t<\/div>\n\t\t\t\t<div class=\"elementor-post__meta-data\">\n\t\t\t\t\t<span class=\"elementor-post-date\">\n\t\t\tJanuary 22, 2025\t\t<\/span>\n\t\t\t\t<span class=\"elementor-post-avatar\">\n\t\t\tNo Comments\t\t<\/span>\n\t\t\t\t<\/div>\n\t\t\t\t\t<\/div>\n\t\t<\/article>\n\t\t\t\t<article class=\"elementor-post elementor-grid-item post-657 post type-post status-publish format-standard hentry category-uncategorized\">\n\t\t\t<div class=\"elementor-post__card\">\n\t\t\t\t<div class=\"elementor-post__text\">\n\t\t\t\t<h3 class=\"elementor-post__title\">\n\t\t\t<a href=\"https:\/\/weddingvideographer.ro\/en\/cum-sa-alegi-videograful-perfect-pentru-nunta-ta-sfaturi-pentru-2025\/\" >\n\t\t\t\tCum s\u0103 Alegi Videograful Perfect pentru Nunta Ta: Sfaturi pentru 2025\t\t\t<\/a>\n\t\t<\/h3>\n\t\t\t\t<div class=\"elementor-post__excerpt\">\n\t\t\t<p>Cum s\u0103 Alegi Videograful Perfect pentru Nunta Ta: Sfaturi pentru 2025 Planificarea nun\u021bii tale este o aventur\u0103 plin\u0103 de decizii importante, iar alegerea videografului perfect<\/p>\n\t\t<\/div>\n\t\t\n\t\t<a class=\"elementor-post__read-more\" href=\"https:\/\/weddingvideographer.ro\/en\/cum-sa-alegi-videograful-perfect-pentru-nunta-ta-sfaturi-pentru-2025\/\" aria-label=\"Read more about Cum s\u0103 Alegi Videograful Perfect pentru Nunta Ta: Sfaturi pentru 2025\" tabindex=\"-1\" >\n\t\t\tCITESTE MAI MULT \u00bb\t\t<\/a>\n\n\t\t\t\t<\/div>\n\t\t\t\t<div class=\"elementor-post__meta-data\">\n\t\t\t\t\t<span class=\"elementor-post-date\">\n\t\t\tJanuary 22, 2025\t\t<\/span>\n\t\t\t\t<span class=\"elementor-post-avatar\">\n\t\t\tNo Comments\t\t<\/span>\n\t\t\t\t<\/div>\n\t\t\t\t\t<\/div>\n\t\t<\/article>\n\t\t\t\t<article class=\"elementor-post elementor-grid-item post-629 post type-post status-publish format-standard hentry category-uncategorized\">\n\t\t\t<div class=\"elementor-post__card\">\n\t\t\t\t<div class=\"elementor-post__text\">\n\t\t\t\t<h3 class=\"elementor-post__title\">\n\t\t\t<a href=\"https:\/\/weddingvideographer.ro\/en\/top-10-tendinte-in-videografia-de-nunta-pentru-2025\/\" >\n\t\t\t\tTop 10 Tendin\u021be \u00een Videografia de Nunt\u0103 pentru 2025\t\t\t<\/a>\n\t\t<\/h3>\n\t\t\t\t<div class=\"elementor-post__excerpt\">\n\t\t\t<p>Planifici o nunt\u0103 \u00een 2025? Atunci cu siguran\u021b\u0103 te g\u00e2nde\u0219ti la cum s\u0103 capturezi aceast\u0103 zi special\u0103 \u00eentr-un mod unic \u0219i memorabil. Videografia de nunt\u0103<\/p>\n\t\t<\/div>\n\t\t\n\t\t<a class=\"elementor-post__read-more\" href=\"https:\/\/weddingvideographer.ro\/en\/top-10-tendinte-in-videografia-de-nunta-pentru-2025\/\" aria-label=\"Read more about Top 10 Tendin\u021be \u00een Videografia de Nunt\u0103 pentru 2025\" tabindex=\"-1\" >\n\t\t\tCITESTE MAI MULT \u00bb\t\t<\/a>\n\n\t\t\t\t<\/div>\n\t\t\t\t<div class=\"elementor-post__meta-data\">\n\t\t\t\t\t<span class=\"elementor-post-date\">\n\t\t\tJanuary 22, 2025\t\t<\/span>\n\t\t\t\t<span class=\"elementor-post-avatar\">\n\t\t\tNo Comments\t\t<\/span>\n\t\t\t\t<\/div>\n\t\t\t\t\t<\/div>\n\t\t<\/article>\n\t\t\t\t<\/div>\n\t\t\n\t\t\t\t\t\t<\/div>\n\t\t\t\t<\/div>\n\t\t\t\t\t<\/div>\n\t\t\t\t<\/div>\n\t\t\t\t<\/div>","protected":false},"excerpt":{"rendered":"","protected":false},"author":1,"featured_media":0,"parent":0,"menu_order":0,"comment_status":"closed","ping_status":"closed","template":"","meta":{"site-sidebar-layout":"no-sidebar","site-content-layout":"","ast-site-content-layout":"full-width-container","site-content-style":"default","site-sidebar-style":"default","ast-global-header-display":"","ast-banner-title-visibility":"","ast-main-header-display":"","ast-hfb-above-header-display":"","ast-hfb-below-header-display":"","ast-hfb-mobile-header-display":"","site-post-title":"disabled","ast-breadcrumbs-content":"","ast-featured-img":"disabled","footer-sml-layout":"","theme-transparent-header-meta":"","adv-header-id-meta":"","stick-header-meta":"","header-above-stick-meta":"","header-main-stick-meta":"","header-below-stick-meta":"","astra-migrate-meta-layouts":"default","ast-page-background-enabled":"default","ast-page-background-meta":{"desktop":{"background-color":"var(--ast-global-color-5)","background-image":"","background-repeat":"repeat","background-position":"center center","background-size":"auto","background-attachment":"scroll","background-type":"","background-media":"","overlay-type":"","overlay-color":"","overlay-opacity":"","overlay-gradient":""},"tablet":{"background-color":"","background-image":"","background-repeat":"repeat","background-position":"center center","background-size":"auto","background-attachment":"scroll","background-type":"","background-media":"","overlay-type":"","overlay-color":"","overlay-opacity":"","overlay-gradient":""},"mobile":{"background-color":"","background-image":"","background-repeat":"repeat","background-position":"center center","background-size":"auto","background-attachment":"scroll","background-type":"","background-media":"","overlay-type":"","overlay-color":"","overlay-opacity":"","overlay-gradient":""}},"ast-content-background-meta":{"desktop":{"background-color":"var(--ast-global-color-4)","background-image":"","background-repeat":"repeat","background-position":"center center","background-size":"auto","background-attachment":"scroll","background-type":"","background-media":"","overlay-type":"","overlay-color":"","overlay-opacity":"","overlay-gradient":""},"tablet":{"background-color":"var(--ast-global-color-4)","background-image":"","background-repeat":"repeat","background-position":"center center","background-size":"auto","background-attachment":"scroll","background-type":"","background-media":"","overlay-type":"","overlay-color":"","overlay-opacity":"","overlay-gradient":""},"mobile":{"background-color":"var(--ast-global-color-4)","background-image":"","background-repeat":"repeat","background-position":"center center","background-size":"auto","background-attachment":"scroll","background-type":"","background-media":"","overlay-type":"","overlay-color":"","overlay-opacity":"","overlay-gradient":""}},"footnotes":""},"class_list":["post-522","page","type-page","status-publish","hentry"],"aioseo_notices":[],"_links":{"self":[{"href":"https:\/\/weddingvideographer.ro\/en\/wp-json\/wp\/v2\/pages\/522","targetHints":{"allow":["GET"]}}],"collection":[{"href":"https:\/\/weddingvideographer.ro\/en\/wp-json\/wp\/v2\/pages"}],"about":[{"href":"https:\/\/weddingvideographer.ro\/en\/wp-json\/wp\/v2\/types\/page"}],"author":[{"embeddable":true,"href":"https:\/\/weddingvideographer.ro\/en\/wp-json\/wp\/v2\/users\/1"}],"replies":[{"embeddable":true,"href":"https:\/\/weddingvideographer.ro\/en\/wp-json\/wp\/v2\/comments?post=522"}],"version-history":[{"count":0,"href":"https:\/\/weddingvideographer.ro\/en\/wp-json\/wp\/v2\/pages\/522\/revisions"}],"wp:attachment":[{"href":"https:\/\/weddingvideographer.ro\/en\/wp-json\/wp\/v2\/media?parent=522"}],"curies":[{"name":"wp","href":"https:\/\/api.w.org\/{rel}","templated":true}]}}